{"id":7034,"date":"2022-10-13T18:12:51","date_gmt":"2022-10-13T18:12:51","guid":{"rendered":"https:\/\/wexfordpembrokeshirepilgrimway.org\/teimplead-coiriochta\/"},"modified":"2023-05-22T12:05:06","modified_gmt":"2023-05-22T12:05:06","slug":"teimplead-coiriochta","status":"publish","type":"page","link":"https:\/\/wexfordpembrokeshirepilgrimway.org\/ga\/teimplead-coiriochta\/","title":{"rendered":"Feirme Penrhiw"},"content":{"rendered":"<p>[et_pb_section fb_built=&#8221;1&#8243; fullwidth=&#8221;on&#8221; _builder_version=&#8221;4.21.0&#8243; _module_preset=&#8221;default&#8221; border_color_all=&#8221;#FFFFFF&#8221; border_color_top=&#8221;#000000&#8243; border_color_bottom=&#8221;#000000&#8243; global_colors_info=&#8221;{}&#8221;][et_pb_fullwidth_image src=&#8221;https:\/\/wexfordpembrokeshirepilgrimway.org\/wp-content\/uploads\/2023\/05\/penrhiw-2-1920&#215;509-1.jpg&#8221; alt=&#8221;Seomra leapa feirme&#8221; title_text=&#8221;Seomra Leapa Feirme Penrhiw&#8221; _builder_version=&#8221;4.21.0&#8243; _module_preset=&#8221;default&#8221; border_color_all=&#8221;#000000&#8243; global_colors_info=&#8221;{}&#8221;][\/et_pb_fullwidth_image][\/et_pb_section][et_pb_section fb_built=&#8221;1&#8243; _builder_version=&#8221;4.18.0&#8243; _module_preset=&#8221;default&#8221; background_color=&#8221;#f5ede2&#8243; background_enable_image=&#8221;off&#8221; background_size=&#8221;custom&#8221; background_image_width=&#8221;12%&#8221; background_position=&#8221;top_right&#8221; background_horizontal_offset=&#8221;10%&#8221; background_vertical_offset=&#8221;3%&#8221; custom_padding=&#8221;0px||0px||false|false&#8221; bottom_divider_color=&#8221;#5f241c&#8221; bottom_divider_height=&#8221;50px&#8221; global_colors_info=&#8221;{}&#8221;][et_pb_row _builder_version=&#8221;4.19.4&#8243; _module_preset=&#8221;default&#8221; custom_padding=&#8221;||0px||false|false&#8221; global_colors_info=&#8221;{}&#8221;][et_pb_column type=&#8221;4_4&#8243; _builder_version=&#8221;4.18.0&#8243; _module_preset=&#8221;default&#8221; global_colors_info=&#8221;{}&#8221;][et_pb_code _builder_version=&#8221;4.19.4&#8243; _module_preset=&#8221;default&#8221; text_orientation=&#8221;right&#8221; custom_padding=&#8221;||||false|false&#8221; global_colors_info=&#8221;{}&#8221;][\/et_pb_code][et_pb_text _builder_version=&#8221;4.21.0&#8243; _module_preset=&#8221;default&#8221; global_colors_info=&#8221;{}&#8221;]<\/p>\n<h1 style=\"text-align: center;\">FEIRME PENRHIW<\/h1>\n<p>[\/et_pb_text][\/et_pb_column][\/et_pb_row][et_pb_row _builder_version=&#8221;4.21.0&#8243; _module_preset=&#8221;default&#8221; custom_padding=&#8221;||0px||false|false&#8221; global_colors_info=&#8221;{}&#8221;][et_pb_column type=&#8221;4_4&#8243; _builder_version=&#8221;4.18.0&#8243; _module_preset=&#8221;default&#8221; global_colors_info=&#8221;{}&#8221;][et_pb_divider color=&#8221;#5f241c&#8221; _builder_version=&#8221;4.18.0&#8243; _module_preset=&#8221;default&#8221; custom_padding=&#8221;||||false|false&#8221; global_colors_info=&#8221;{}&#8221;][\/et_pb_divider][\/et_pb_column][\/et_pb_row][\/et_pb_section][et_pb_section fb_built=&#8221;1&#8243; _builder_version=&#8221;4.18.0&#8243; _module_preset=&#8221;default&#8221; background_color=&#8221;#f5ede2&#8243; custom_padding=&#8221;10px||10px||false|false&#8221; global_colors_info=&#8221;{}&#8221;][et_pb_row column_structure=&#8221;1_5,1_5,1_5,1_5,1_5&#8243; use_custom_gutter=&#8221;on&#8221; gutter_width=&#8221;2&#8243; _builder_version=&#8221;4.21.0&#8243; _module_preset=&#8221;default&#8221; custom_padding=&#8221;10px||10px||false|false&#8221; hover_enabled=&#8221;0&#8243; global_colors_info=&#8221;{}&#8221; custom_padding_last_edited=&#8221;on|tablet&#8221; sticky_enabled=&#8221;0&#8243; custom_padding_phone=&#8221;0px||0px||false|false&#8221; custom_padding_tablet=&#8221;0px||0px||false|false&#8221;][et_pb_column type=&#8221;1_5&#8243; _builder_version=&#8221;4.18.0&#8243; _module_preset=&#8221;default&#8221; global_colors_info=&#8221;{}&#8221;][et_pb_text _builder_version=&#8221;4.21.0&#8243; _module_preset=&#8221;default&#8221; header_4_line_height=&#8221;1.2em&#8221; global_colors_info=&#8221;{}&#8221;]<\/p>\n<h4 style=\"text-align: center;\"><strong>R\u00e9imse:<\/strong><br \/><em>C\u00e9im 6, Goodwick<\/em><\/h4>\n<p>[\/et_pb_text][\/et_pb_column][et_pb_column type=&#8221;1_5&#8243; _builder_version=&#8221;4.18.0&#8243; _module_preset=&#8221;default&#8221; global_colors_info=&#8221;{}&#8221;][et_pb_text _builder_version=&#8221;4.18.0&#8243; _module_preset=&#8221;default&#8221; header_4_line_height=&#8221;1.2em&#8221; global_colors_info=&#8221;{}&#8221;]<\/p>\n<h4 style=\"text-align: center;\"><strong>Seomra\u00ed Leapa:<\/strong><br \/><em>4<\/em><\/h4>\n<p>[\/et_pb_text][\/et_pb_column][et_pb_column type=&#8221;1_5&#8243; _builder_version=&#8221;4.18.0&#8243; _module_preset=&#8221;default&#8221; global_colors_info=&#8221;{}&#8221;][et_pb_text _builder_version=&#8221;4.21.0&#8243; _module_preset=&#8221;default&#8221; header_4_line_height=&#8221;1.2em&#8221; global_colors_info=&#8221;{}&#8221;]<\/p>\n<h4 style=\"text-align: center;\"><strong>Praghas:<\/strong><br \/><em>Mhe\u00e1n<\/em><\/h4>\n<p>[\/et_pb_text][\/et_pb_column][et_pb_column type=&#8221;1_5&#8243; _builder_version=&#8221;4.18.0&#8243; _module_preset=&#8221;default&#8221; global_colors_info=&#8221;{}&#8221;][et_pb_text _builder_version=&#8221;4.18.0&#8243; _module_preset=&#8221;default&#8221; header_4_line_height=&#8221;1.2em&#8221; global_colors_info=&#8221;{}&#8221;]<\/p>\n<h4 style=\"text-align: center;\"><strong>Bia:<\/strong><br \/><em>In-t\u00ed<\/em><\/h4>\n<p>[\/et_pb_text][\/et_pb_column][et_pb_column type=&#8221;1_5&#8243; _builder_version=&#8221;4.18.0&#8243; _module_preset=&#8221;default&#8221; global_colors_info=&#8221;{}&#8221;][et_pb_text _builder_version=&#8221;4.21.0&#8243; _module_preset=&#8221;default&#8221; header_4_line_height=&#8221;1.2em&#8221; global_colors_info=&#8221;{}&#8221;]<\/p>\n<h4 style=\"text-align: center;\"><strong>Bealach:<\/strong><br \/><em>Ar an mbealach<\/em><\/h4>\n<p>[\/et_pb_text][\/et_pb_column][\/et_pb_row][\/et_pb_section][et_pb_section fb_built=&#8221;1&#8243; _builder_version=&#8221;4.18.0&#8243; _module_preset=&#8221;default&#8221; background_color=&#8221;#f5ede2&#8243; custom_padding=&#8221;10px||5px||false|false&#8221; global_colors_info=&#8221;{}&#8221;][et_pb_row column_structure=&#8221;1_3,1_3,1_3&#8243; _builder_version=&#8221;4.18.0&#8243; _module_preset=&#8221;default&#8221; global_colors_info=&#8221;{}&#8221;][et_pb_column type=&#8221;1_3&#8243; _builder_version=&#8221;4.18.0&#8243; _module_preset=&#8221;default&#8221; global_colors_info=&#8221;{}&#8221;][et_pb_image src=&#8221;https:\/\/wexfordpembrokeshirepilgrimway.org\/wp-content\/uploads\/2023\/05\/penrhiw-3-700&#215;467-1.jpg&#8221; alt=&#8221;Feirme Penrhiw&#8221; title_text=&#8221;Feirme Penrhiw&#8221; _builder_version=&#8221;4.21.0&#8243; _module_preset=&#8221;default&#8221; global_colors_info=&#8221;{}&#8221;][\/et_pb_image][\/et_pb_column][et_pb_column type=&#8221;1_3&#8243; _builder_version=&#8221;4.18.0&#8243; _module_preset=&#8221;default&#8221; global_colors_info=&#8221;{}&#8221;][et_pb_image src=&#8221;https:\/\/wexfordpembrokeshirepilgrimway.org\/wp-content\/uploads\/2023\/05\/penrhiw-4-700&#215;467-1.jpg&#8221; alt=&#8221;Seomra leapa feirme&#8221; title_text=&#8221;Seomra Leapa Feirme Penrhiw&#8221; _builder_version=&#8221;4.21.0&#8243; _module_preset=&#8221;default&#8221; global_colors_info=&#8221;{}&#8221;][\/et_pb_image][\/et_pb_column][et_pb_column type=&#8221;1_3&#8243; _builder_version=&#8221;4.18.0&#8243; _module_preset=&#8221;default&#8221; global_colors_info=&#8221;{}&#8221;][et_pb_image src=&#8221;https:\/\/wexfordpembrokeshirepilgrimway.org\/wp-content\/uploads\/2023\/05\/penrhiw-1-700&#215;467-1.jpg&#8221; alt=&#8221;Seomra leaba&#8221; title_text=&#8221;Seomra Leapa Feirme Penrhiw&#8221; _builder_version=&#8221;4.21.0&#8243; _module_preset=&#8221;default&#8221; global_colors_info=&#8221;{}&#8221;][\/et_pb_image][\/et_pb_column][\/et_pb_row][\/et_pb_section][et_pb_section fb_built=&#8221;1&#8243; admin_label=&#8221;Overview&#8221; _builder_version=&#8221;4.18.0&#8243; _module_preset=&#8221;default&#8221; background_color=&#8221;#f5ede2&#8243; custom_padding=&#8221;0px||0px||false|false&#8221; global_colors_info=&#8221;{}&#8221;][et_pb_row _builder_version=&#8221;4.18.0&#8243; _module_preset=&#8221;default&#8221; background_color=&#8221;#5f241c&#8221; custom_padding=&#8221;15px|15px|15px|15px|true|true&#8221; border_radii=&#8221;on|5px|5px|5px|5px&#8221; global_colors_info=&#8221;{}&#8221;][et_pb_column type=&#8221;4_4&#8243; _builder_version=&#8221;4.18.0&#8243; _module_preset=&#8221;default&#8221; global_colors_info=&#8221;{}&#8221;][et_pb_text _builder_version=&#8221;4.21.0&#8243; _module_preset=&#8221;default&#8221; text_text_color=&#8221;#f5ede2&#8243; global_colors_info=&#8221;{}&#8221;]<\/p>\n<p>Suite ar Shl\u00ed na Muiceola idir Loch Garman agus Pembrokeshire, is \u00e1it iontach agus chompordach \u00ed Feirme Penrhiw chun d\u2019oilithreacht a thos\u00fa n\u00f3 a chr\u00edochn\u00fa ar thaobh na Breataine Bige. N\u00edl ann ach 4 sheomra aoibhne, maisithe go stylishly le teagmh\u00e1il elegance. Is \u00e9 Alan at\u00e1 ina ch\u00f3caire le taith\u00ed a chuireann b\u00e9il\u00ed tr\u00e1thn\u00f3na ar f\u00e1il ar iarratas. Sol\u00e1thra\u00edonn s\u00e9 bricfeasta m\u00f3r oilithrigh freisin chun t\u00fas iontach a chur le do l\u00e1.<\/p>\n<p>Is teach feirme Seoirseach Gr\u00e1d 2 \u00e9 ar fheirm org\u00e1nach 200 acra at\u00e1 ag obair ach n\u00edos l\u00fa n\u00e1 m\u00edle \u00f3n gcr\u00edochfort farant\u00f3ireachta ag Goodwick. Mar theaghlach t\u00e1 siad ag feirmeoireacht anseo \u00f3 na 1970id\u00ed ach n\u00edor athch\u00f3irigh siad an teach le d\u00e9ana\u00ed chun a\u00edonna a ghlacadh.<\/p>\n<p style=\"text-align: justify;\">T\u00e1 Feirme Penrhiw oiri\u00fanach don oilithrigh at\u00e1 ag iarraidh taitneamh a bhaint as s\u00f3c\u00falacht agus compord sa teach. T\u00e1 eloquence milis leis agus is \u00e9 an cine\u00e1l \u00e1ite a bheidh t\u00fa ag iarraidh fanacht n\u00edos faide. Mar sin f\u00e9in beidh an cos\u00e1n ag glaoch ort! <span><\/span><\/p>\n<p>[\/et_pb_text][\/et_pb_column][\/et_pb_row][\/et_pb_section][et_pb_section fb_built=&#8221;1&#8243; _builder_version=&#8221;4.21.0&#8243; _module_preset=&#8221;default&#8221; background_color=&#8221;#f5ede2&#8243; custom_margin=&#8221;||||false|false&#8221; custom_padding=&#8221;||||false|false&#8221; bottom_divider_style=&#8221;curve2&#8243; bottom_divider_color=&#8221;#5f241c&#8221; bottom_divider_height=&#8221;50px&#8221; global_colors_info=&#8221;{}&#8221;][et_pb_row column_structure=&#8221;1_3,1_3,1_3&#8243; _builder_version=&#8221;4.18.0&#8243; _module_preset=&#8221;default&#8221; custom_padding=&#8221;0px|0px|0px|0px|false|false&#8221; global_colors_info=&#8221;{}&#8221;][et_pb_column type=&#8221;1_3&#8243; _builder_version=&#8221;4.18.0&#8243; _module_preset=&#8221;default&#8221; global_colors_info=&#8221;{}&#8221;][et_pb_button button_url=&#8221;https:\/\/www.facebook.com\/penrhiwfarmbnb&#8221; url_new_window=&#8221;on&#8221; button_text=&#8221;Leathanach Facebook&#8221; button_alignment=&#8221;center&#8221; _builder_version=&#8221;4.21.0&#8243; _module_preset=&#8221;default&#8221; custom_button=&#8221;on&#8221; button_text_size=&#8221;16px&#8221; button_text_color=&#8221;#f5ede2&#8243; button_bg_color=&#8221;#5f241c&#8221; button_border_radius=&#8221;5px&#8221; button_font=&#8221;|600|||||||&#8221; button_icon=&#8221;&#x24;||divi||400&#8243; button_on_hover=&#8221;off&#8221; global_colors_info=&#8221;{}&#8221;][\/et_pb_button][\/et_pb_column][et_pb_column type=&#8221;1_3&#8243; _builder_version=&#8221;4.18.0&#8243; _module_preset=&#8221;default&#8221; global_colors_info=&#8221;{}&#8221;][et_pb_button button_url=&#8221;teil: 07875219746&#8243; url_new_window=&#8221;on&#8221; button_text=&#8221;Teil: 07875 219 746&#8243; button_alignment=&#8221;center&#8221; _builder_version=&#8221;4.21.0&#8243; _module_preset=&#8221;default&#8221; custom_button=&#8221;on&#8221; button_text_size=&#8221;16px&#8221; button_text_color=&#8221;#f5ede2&#8243; button_bg_color=&#8221;#5f241c&#8221; button_border_radius=&#8221;5px&#8221; button_font=&#8221;|600|||||||&#8221; button_icon=&#8221;&#x24;||divi||400&#8243; button_on_hover=&#8221;off&#8221; global_colors_info=&#8221;{}&#8221;][\/et_pb_button][\/et_pb_column][et_pb_column type=&#8221;1_3&#8243; _builder_version=&#8221;4.18.0&#8243; _module_preset=&#8221;default&#8221; global_colors_info=&#8221;{}&#8221;][et_pb_button button_url=&#8221;mailto:alan@penrhiwfarm.co.uk&#8221; url_new_window=&#8221;on&#8221; button_text=&#8221;R\u00edomhphost&#8221; button_alignment=&#8221;center&#8221; _builder_version=&#8221;4.21.0&#8243; _module_preset=&#8221;default&#8221; custom_button=&#8221;on&#8221; button_text_size=&#8221;16px&#8221; button_text_color=&#8221;#f5ede2&#8243; button_bg_color=&#8221;#5f241c&#8221; button_border_radius=&#8221;5px&#8221; button_font=&#8221;|600|||||||&#8221; button_icon=&#8221;&#x24;||divi||400&#8243; button_on_hover=&#8221;off&#8221; global_colors_info=&#8221;{}&#8221;][\/et_pb_button][\/et_pb_column][\/et_pb_row][\/et_pb_section][et_pb_section fb_built=&#8221;1&#8243; disabled_on=&#8221;on|on|on&#8221; _builder_version=&#8221;4.21.0&#8243; _module_preset=&#8221;default&#8221; background_color=&#8221;#f5ede2&#8243; custom_padding=&#8221;0px||||false|false&#8221; bottom_divider_style=&#8221;curve2&#8243; bottom_divider_color=&#8221;#5f241c&#8221; bottom_divider_height=&#8221;50px&#8221; disabled=&#8221;on&#8221; global_colors_info=&#8221;{}&#8221;][et_pb_row column_structure=&#8221;1_3,1_3,1_3&#8243; _builder_version=&#8221;4.18.0&#8243; _module_preset=&#8221;default&#8221; global_colors_info=&#8221;{}&#8221;][et_pb_column type=&#8221;1_3&#8243; _builder_version=&#8221;4.18.0&#8243; _module_preset=&#8221;default&#8221; global_colors_info=&#8221;{}&#8221;][et_pb_text _builder_version=&#8221;4.18.0&#8243; _module_preset=&#8221;default&#8221; global_colors_info=&#8221;{}&#8221;]<\/p>\n<h2 style=\"text-align: center;\">Air\u00edonna Eile<\/h2>\n<p>[\/et_pb_text][et_pb_image src=&#8221;https:\/\/wexfordpembrokeshirepilgrimway.org\/wp-content\/uploads\/2022\/10\/wonderlane-ttHR6yJsOes-unsplash-700&#215;467-1.jpg&#8221; title_text=&#8221;wonderlane-ttHR6yJsOes-unsplash-700&#215;467&#8243; _builder_version=&#8221;4.18.0&#8243; _module_preset=&#8221;default&#8221; global_colors_info=&#8221;{}&#8221;][\/et_pb_image][\/et_pb_column][et_pb_column type=&#8221;1_3&#8243; _builder_version=&#8221;4.18.0&#8243; _module_preset=&#8221;default&#8221; global_colors_info=&#8221;{}&#8221;][et_pb_text _builder_version=&#8221;4.18.0&#8243; _module_preset=&#8221;default&#8221; global_colors_info=&#8221;{}&#8221;]<\/p>\n<h2 style=\"text-align: center;\">Air\u00edonna Eile<\/h2>\n<p>[\/et_pb_text][et_pb_image src=&#8221;https:\/\/wexfordpembrokeshirepilgrimway.org\/wp-content\/uploads\/2022\/10\/ran-berkovich-lBmZL2UfJc-unsplash-700&#215;467-1.jpg&#8221; title_text=&#8221;ran-berkovich&#8211;lBmZL2UfJc-unsplash-700&#215;467&#8243; _builder_version=&#8221;4.18.0&#8243; _module_preset=&#8221;default&#8221; global_colors_info=&#8221;{}&#8221;][\/et_pb_image][\/et_pb_column][et_pb_column type=&#8221;1_3&#8243; _builder_version=&#8221;4.18.0&#8243; _module_preset=&#8221;default&#8221; global_colors_info=&#8221;{}&#8221;][et_pb_text _builder_version=&#8221;4.18.0&#8243; _module_preset=&#8221;default&#8221; global_colors_info=&#8221;{}&#8221;]<\/p>\n<h2 style=\"text-align: center;\">Air\u00edonna Eile<\/h2>\n<p>[\/et_pb_text][et_pb_image src=&#8221;https:\/\/wexfordpembrokeshirepilgrimway.org\/wp-content\/uploads\/2022\/10\/grant-durr-gZdsKVezLmk-unsplash-700&#215;467-1.jpg&#8221; title_text=&#8221;deontas-durr-gZdsKVezLmk-unsplash-700&#215;467&#8243; _builder_version=&#8221;4.18.0&#8243; _module_preset=&#8221;default&#8221; global_colors_info=&#8221;{}&#8221;][\/et_pb_image][\/et_pb_column][\/et_pb_row][\/et_pb_section][et_pb_section fb_built=&#8221;1&#8243; _builder_version=&#8221;4.18.0&#8243; _module_preset=&#8221;default&#8221; background_color=&#8221;#f5ede2&#8243; border_width_bottom=&#8221;1px&#8221; border_color_bottom=&#8221;#000000&#8243; global_colors_info=&#8221;{}&#8221;][et_pb_row column_structure=&#8221;1_2,1_2&#8243; _builder_version=&#8221;4.18.0&#8243; _module_preset=&#8221;default&#8221; global_colors_info=&#8221;{}&#8221;][et_pb_column type=&#8221;1_2&#8243; _builder_version=&#8221;4.18.0&#8243; _module_preset=&#8221;default&#8221; global_colors_info=&#8221;{}&#8221;][et_pb_text _builder_version=&#8221;4.21.0&#8243; _module_preset=&#8221;default&#8221; header_2_font=&#8221;|700|||||||&#8221; header_2_text_align=&#8221;center&#8221; header_2_font_size=&#8221;32px&#8221; custom_margin=&#8221;||0px||false|false&#8221; custom_padding=&#8221;||||false|false&#8221; global_colors_info=&#8221;{}&#8221;]<\/p>\n<h2>Cl\u00e1raigh d\u00e1r Nuachtlitir<\/h2>\n<p><span>B\u00ed ar an gc\u00e9ad duine a mbeidh eolas agat ar imeachta\u00ed treoraithe at\u00e1 \u00e1 dtairiscint feadh an bhealaigh agus ar na forbairt\u00ed is d\u00e9ana\u00ed. <\/span><\/p>\n<p><span><\/span><\/p>\n<p>[\/et_pb_text][et_pb_button button_url=&#8221;https:\/\/britishpilgrimage.us12.list-manage.com\/subscribe?u=5996208756aa6eb1548c20b1d&amp;id=275afa719d&#8221; url_new_window=&#8221;on&#8221; button_text=&#8221;Liost\u00e1il&#8221; button_alignment=&#8221;center&#8221; _builder_version=&#8221;4.18.0&#8243; _module_preset=&#8221;default&#8221; custom_button=&#8221;on&#8221; button_text_size=&#8221;16px&#8221; button_text_color=&#8221;#f5ede2&#8243; button_bg_color=&#8221;#5f241c&#8221; button_border_radius=&#8221;5px&#8221; button_font=&#8221;|600|||||||&#8221; button_icon=&#8221;&#x24;||divi||400&#8243; button_on_hover=&#8221;off&#8221; custom_margin=&#8221;||20px||false|false&#8221; custom_padding=&#8221;||||false|false&#8221; global_colors_info=&#8221;{}&#8221;][\/et_pb_button][\/et_pb_column][et_pb_column type=&#8221;1_2&#8243; _builder_version=&#8221;4.18.0&#8243; _module_preset=&#8221;default&#8221; global_colors_info=&#8221;{}&#8221;][et_pb_image src=&#8221;https:\/\/wexfordpembrokeshirepilgrimway.org\/wp-content\/uploads\/2022\/09\/AC-Trilingual-Landscape-Raven-500&#215;152-1.png&#8221; alt=&#8221;l\u00f3g\u00f3&#8221; title_text=&#8221;AC&#8212; Tr\u00edtheangach-T\u00edrdhreach&#8212; Raven-500&#215;152&#8243; align=&#8221;center&#8221; _builder_version=&#8221;4.18.1&#8243; _module_preset=&#8221;default&#8221; width=&#8221;80%&#8221; width_tablet=&#8221;60%&#8221; width_phone=&#8221;100%&#8221; width_last_edited=&#8221;on|tablet&#8221; custom_padding=&#8221;30px|75px||75px|false|false&#8221; global_colors_info=&#8221;{}&#8221;][\/et_pb_image][\/et_pb_column][\/et_pb_row][\/et_pb_section]<\/p>\n<span class=\"et_bloom_bottom_trigger\"><\/span>","protected":false},"excerpt":{"rendered":"<p>Teach feirme delightful Gr\u00e1d 2 liostaithe ag tairiscint l\u00f3ist\u00edn compordach feadh Bhealach Oilithrigh Loch Garman-Pembrokeshire, m\u00edle \u00f3n teirmin\u00e9al farant\u00f3ireachta ag Goodwick. <\/p>\n","protected":false},"author":1,"featured_media":0,"parent":0,"menu_order":0,"comment_status":"closed","ping_status":"closed","template":"","meta":{"_et_pb_use_builder":"on","_et_pb_old_content":"","_et_gb_content_width":"","_monsterinsights_skip_tracking":false,"_monsterinsights_sitenote_active":false,"_monsterinsights_sitenote_note":"","_monsterinsights_sitenote_category":0,"footnotes":""},"class_list":["post-7034","page","type-page","status-publish","hentry"],"yoast_head":"<!-- This site is optimized with the Yoast SEO plugin v27.3 - https:\/\/yoast.com\/product\/yoast-seo-wordpress\/ -->\n<title>Feirme Penrhiw - Wexford-Pembrokeshire Pilgrim Way<\/title>\n<meta name=\"robots\" content=\"index, follow, max-snippet:-1, max-image-preview:large, max-video-preview:-1\" \/>\n<link rel=\"canonical\" href=\"https:\/\/wexfordpembrokeshirepilgrimway.org\/ga\/teimplead-coiriochta\/\" \/>\n<meta property=\"og:locale\" content=\"ga_IE\" \/>\n<meta property=\"og:type\" content=\"article\" \/>\n<meta property=\"og:title\" content=\"Feirme Penrhiw - Wexford-Pembrokeshire Pilgrim Way\" \/>\n<meta property=\"og:description\" content=\"Teach feirme delightful Gr\u00e1d 2 liostaithe ag tairiscint l\u00f3ist\u00edn compordach feadh Bhealach Oilithrigh Loch Garman-Pembrokeshire, m\u00edle \u00f3n teirmin\u00e9al farant\u00f3ireachta ag Goodwick.\" \/>\n<meta property=\"og:url\" content=\"https:\/\/wexfordpembrokeshirepilgrimway.org\/ga\/teimplead-coiriochta\/\" \/>\n<meta property=\"og:site_name\" content=\"Wexford-Pembrokeshire Pilgrim Way\" \/>\n<meta property=\"article:modified_time\" content=\"2023-05-22T12:05:06+00:00\" \/>\n<meta name=\"twitter:card\" content=\"summary_large_image\" \/>\n<meta name=\"twitter:label1\" content=\"Est. reading time\" \/>\n\t<meta name=\"twitter:data1\" content=\"9 minutes\" \/>\n<script type=\"application\/ld+json\" class=\"yoast-schema-graph\">{\"@context\":\"https:\\\/\\\/schema.org\",\"@graph\":[{\"@type\":\"WebPage\",\"@id\":\"https:\\\/\\\/wexfordpembrokeshirepilgrimway.org\\\/ga\\\/teimplead-coiriochta\\\/\",\"url\":\"https:\\\/\\\/wexfordpembrokeshirepilgrimway.org\\\/ga\\\/teimplead-coiriochta\\\/\",\"name\":\"Feirme Penrhiw - Wexford-Pembrokeshire Pilgrim Way\",\"isPartOf\":{\"@id\":\"https:\\\/\\\/wexfordpembrokeshirepilgrimway.org\\\/ga\\\/#website\"},\"datePublished\":\"2022-10-13T18:12:51+00:00\",\"dateModified\":\"2023-05-22T12:05:06+00:00\",\"breadcrumb\":{\"@id\":\"https:\\\/\\\/wexfordpembrokeshirepilgrimway.org\\\/ga\\\/teimplead-coiriochta\\\/#breadcrumb\"},\"inLanguage\":\"ga-IE\",\"potentialAction\":[{\"@type\":\"ReadAction\",\"target\":[\"https:\\\/\\\/wexfordpembrokeshirepilgrimway.org\\\/ga\\\/teimplead-coiriochta\\\/\"]}]},{\"@type\":\"BreadcrumbList\",\"@id\":\"https:\\\/\\\/wexfordpembrokeshirepilgrimway.org\\\/ga\\\/teimplead-coiriochta\\\/#breadcrumb\",\"itemListElement\":[{\"@type\":\"ListItem\",\"position\":1,\"name\":\"Home\",\"item\":\"https:\\\/\\\/wexfordpembrokeshirepilgrimway.org\\\/ga\\\/baile\\\/\"},{\"@type\":\"ListItem\",\"position\":2,\"name\":\"Feirme Penrhiw\"}]},{\"@type\":\"WebSite\",\"@id\":\"https:\\\/\\\/wexfordpembrokeshirepilgrimway.org\\\/ga\\\/#website\",\"url\":\"https:\\\/\\\/wexfordpembrokeshirepilgrimway.org\\\/ga\\\/\",\"name\":\"Wexford-Pembrokeshire Pilgrim Way\",\"description\":\"\",\"potentialAction\":[{\"@type\":\"SearchAction\",\"target\":{\"@type\":\"EntryPoint\",\"urlTemplate\":\"https:\\\/\\\/wexfordpembrokeshirepilgrimway.org\\\/ga\\\/?s={search_term_string}\"},\"query-input\":{\"@type\":\"PropertyValueSpecification\",\"valueRequired\":true,\"valueName\":\"search_term_string\"}}],\"inLanguage\":\"ga-IE\"}]}<\/script>\n<!-- \/ Yoast SEO plugin. -->","yoast_head_json":{"title":"Feirme Penrhiw - Wexford-Pembrokeshire Pilgrim Way","robots":{"index":"index","follow":"follow","max-snippet":"max-snippet:-1","max-image-preview":"max-image-preview:large","max-video-preview":"max-video-preview:-1"},"canonical":"https:\/\/wexfordpembrokeshirepilgrimway.org\/ga\/teimplead-coiriochta\/","og_locale":"ga_IE","og_type":"article","og_title":"Feirme Penrhiw - Wexford-Pembrokeshire Pilgrim Way","og_description":"Teach feirme delightful Gr\u00e1d 2 liostaithe ag tairiscint l\u00f3ist\u00edn compordach feadh Bhealach Oilithrigh Loch Garman-Pembrokeshire, m\u00edle \u00f3n teirmin\u00e9al farant\u00f3ireachta ag Goodwick.","og_url":"https:\/\/wexfordpembrokeshirepilgrimway.org\/ga\/teimplead-coiriochta\/","og_site_name":"Wexford-Pembrokeshire Pilgrim Way","article_modified_time":"2023-05-22T12:05:06+00:00","twitter_card":"summary_large_image","twitter_misc":{"Est. reading time":"9 minutes"},"schema":{"@context":"https:\/\/schema.org","@graph":[{"@type":"WebPage","@id":"https:\/\/wexfordpembrokeshirepilgrimway.org\/ga\/teimplead-coiriochta\/","url":"https:\/\/wexfordpembrokeshirepilgrimway.org\/ga\/teimplead-coiriochta\/","name":"Feirme Penrhiw - Wexford-Pembrokeshire Pilgrim Way","isPartOf":{"@id":"https:\/\/wexfordpembrokeshirepilgrimway.org\/ga\/#website"},"datePublished":"2022-10-13T18:12:51+00:00","dateModified":"2023-05-22T12:05:06+00:00","breadcrumb":{"@id":"https:\/\/wexfordpembrokeshirepilgrimway.org\/ga\/teimplead-coiriochta\/#breadcrumb"},"inLanguage":"ga-IE","potentialAction":[{"@type":"ReadAction","target":["https:\/\/wexfordpembrokeshirepilgrimway.org\/ga\/teimplead-coiriochta\/"]}]},{"@type":"BreadcrumbList","@id":"https:\/\/wexfordpembrokeshirepilgrimway.org\/ga\/teimplead-coiriochta\/#breadcrumb","itemListElement":[{"@type":"ListItem","position":1,"name":"Home","item":"https:\/\/wexfordpembrokeshirepilgrimway.org\/ga\/baile\/"},{"@type":"ListItem","position":2,"name":"Feirme Penrhiw"}]},{"@type":"WebSite","@id":"https:\/\/wexfordpembrokeshirepilgrimway.org\/ga\/#website","url":"https:\/\/wexfordpembrokeshirepilgrimway.org\/ga\/","name":"Wexford-Pembrokeshire Pilgrim Way","description":"","potentialAction":[{"@type":"SearchAction","target":{"@type":"EntryPoint","urlTemplate":"https:\/\/wexfordpembrokeshirepilgrimway.org\/ga\/?s={search_term_string}"},"query-input":{"@type":"PropertyValueSpecification","valueRequired":true,"valueName":"search_term_string"}}],"inLanguage":"ga-IE"}]}},"featured_image_src":null,"featured_image_src_square":null,"_links":{"self":[{"href":"https:\/\/wexfordpembrokeshirepilgrimway.org\/ga\/wp-json\/wp\/v2\/pages\/7034","targetHints":{"allow":["GET"]}}],"collection":[{"href":"https:\/\/wexfordpembrokeshirepilgrimway.org\/ga\/wp-json\/wp\/v2\/pages"}],"about":[{"href":"https:\/\/wexfordpembrokeshirepilgrimway.org\/ga\/wp-json\/wp\/v2\/types\/page"}],"author":[{"embeddable":true,"href":"https:\/\/wexfordpembrokeshirepilgrimway.org\/ga\/wp-json\/wp\/v2\/users\/1"}],"replies":[{"embeddable":true,"href":"https:\/\/wexfordpembrokeshirepilgrimway.org\/ga\/wp-json\/wp\/v2\/comments?post=7034"}],"version-history":[{"count":0,"href":"https:\/\/wexfordpembrokeshirepilgrimway.org\/ga\/wp-json\/wp\/v2\/pages\/7034\/revisions"}],"wp:attachment":[{"href":"https:\/\/wexfordpembrokeshirepilgrimway.org\/ga\/wp-json\/wp\/v2\/media?parent=7034"}],"curies":[{"name":"wp","href":"https:\/\/api.w.org\/{rel}","templated":true}]}}