{"id":7812,"date":"2023-07-24T14:37:07","date_gmt":"2023-07-24T14:37:07","guid":{"rendered":"https:\/\/wexfordpembrokeshirepilgrimway.org\/tairgi-pilgrim\/"},"modified":"2023-08-02T11:30:19","modified_gmt":"2023-08-02T11:30:19","slug":"tairgi-pilgrim","status":"publish","type":"page","link":"https:\/\/wexfordpembrokeshirepilgrimway.org\/ga\/tairgi-pilgrim\/","title":{"rendered":"T\u00e1irg\u00ed Pilgrim"},"content":{"rendered":"<p>[et_pb_section fb_built=&#8221;1&#8243; fullwidth=&#8221;on&#8221; _builder_version=&#8221;4.16&#8243; _module_preset=&#8221;default&#8221; border_color_all=&#8221;#FFFFFF&#8221; border_color_top=&#8221;#000000&#8243; border_color_bottom=&#8221;#000000&#8243; global_colors_info=&#8221;{}&#8221;][et_pb_fullwidth_image src=&#8221;https:\/\/wexfordpembrokeshirepilgrimway.org\/wp-content\/uploads\/2023\/07\/Karels-exhibition.jpg&#8221; alt=&#8221;Taispe\u00e1ntas&#8221; title_text=&#8221;Taispe\u00e1ntas Karels&#8221; url=&#8221;https:\/\/www.jasperphotography.co.uk\/&#8221; url_new_window=&#8221;on&#8221; _builder_version=&#8221;4.21.0&#8243; _module_preset=&#8221;default&#8221; border_color_all=&#8221;#000000&#8243; global_colors_info=&#8221;{}&#8221;][\/et_pb_fullwidth_image][\/et_pb_section][et_pb_section fb_built=&#8221;1&#8243; _builder_version=&#8221;4.19.0&#8243; _module_preset=&#8221;default&#8221; background_color=&#8221;#d8dce0&#8243; background_enable_image=&#8221;off&#8221; background_size=&#8221;custom&#8221; background_image_width=&#8221;12%&#8221; background_position=&#8221;top_right&#8221; background_horizontal_offset=&#8221;10%&#8221; background_vertical_offset=&#8221;3%&#8221; custom_padding=&#8221;0px||0px||false|false&#8221; bottom_divider_color=&#8221;#5f241c&#8221; bottom_divider_height=&#8221;50px&#8221; global_colors_info=&#8221;{}&#8221;][et_pb_row _builder_version=&#8221;4.19.4&#8243; _module_preset=&#8221;default&#8221; custom_padding=&#8221;||0px||false|false&#8221; global_colors_info=&#8221;{}&#8221;][et_pb_column type=&#8221;4_4&#8243; _builder_version=&#8221;4.18.0&#8243; _module_preset=&#8221;default&#8221; global_colors_info=&#8221;{}&#8221;][et_pb_code _builder_version=&#8221;4.19.4&#8243; _module_preset=&#8221;default&#8221; text_orientation=&#8221;right&#8221; custom_padding=&#8221;||||false|false&#8221; global_colors_info=&#8221;{}&#8221;][\/et_pb_code][et_pb_text _builder_version=&#8221;4.21.0&#8243; _module_preset=&#8221;default&#8221; global_colors_info=&#8221;{}&#8221;]<\/p>\n<h1 style=\"text-align: center;\">T\u00c1IRG\u00cd PILGRIM<\/h1>\n<p>[\/et_pb_text][\/et_pb_column][\/et_pb_row][\/et_pb_section][et_pb_section fb_built=&#8221;1&#8243; _builder_version=&#8221;4.19.0&#8243; _module_preset=&#8221;default&#8221; background_color=&#8221;#d8dce0&#8243; custom_padding=&#8221;0px||0px||false|false&#8221; global_colors_info=&#8221;{}&#8221;][et_pb_row _builder_version=&#8221;4.18.0&#8243; _module_preset=&#8221;default&#8221; global_colors_info=&#8221;{}&#8221;][et_pb_column type=&#8221;4_4&#8243; _builder_version=&#8221;4.18.0&#8243; _module_preset=&#8221;default&#8221; global_colors_info=&#8221;{}&#8221;][et_pb_text _builder_version=&#8221;4.21.0&#8243; _module_preset=&#8221;default&#8221; hover_enabled=&#8221;0&#8243; global_colors_info=&#8221;{}&#8221; sticky_enabled=&#8221;0&#8243;]<\/p>\n<p style=\"text-align: left;\">T\u00e1 roinnt t\u00e1irg\u00ed \u00e9ags\u00fala maoinithe ag Ancient Connections, an comhlacht a rinne maoirsi\u00fa ar fhorbairt tosaigh Shl\u00ed Oilithrigh Loch Garman-Pembrokeshire. T\u00e1 na t\u00e1irg\u00ed seo ar d\u00edol anois agus gheobhaidh t\u00fa a gcuid sonra\u00ed agus naisc th\u00edos. Le himeacht ama, beimid ag cur n\u00edos m\u00f3 t\u00e1irg\u00ed a d\u2019fh\u00e9adfadh cur le do thaith\u00ed oilithreachta, dar linn.<\/p>\n<p>[\/et_pb_text][\/et_pb_column][\/et_pb_row][\/et_pb_section][et_pb_section fb_built=&#8221;1&#8243; disabled_on=&#8221;off|off|off&#8221; _builder_version=&#8221;4.21.0&#8243; _module_preset=&#8221;default&#8221; background_color=&#8221;#f5ede2&#8243; custom_padding=&#8221;||||false|false&#8221; bottom_divider_style=&#8221;curve2&#8243; bottom_divider_color=&#8221;#5f241c&#8221; bottom_divider_height=&#8221;50px&#8221; global_colors_info=&#8221;{}&#8221;][et_pb_row column_structure=&#8221;1_3,1_3,1_3&#8243; make_equal=&#8221;on&#8221; _builder_version=&#8221;4.21.0&#8243; _module_preset=&#8221;default&#8221; global_colors_info=&#8221;{}&#8221;][et_pb_column type=&#8221;1_3&#8243; _builder_version=&#8221;4.18.0&#8243; _module_preset=&#8221;default&#8221; global_colors_info=&#8221;{}&#8221;][et_pb_blurb title=&#8221;T\u00e1irg\u00ed Pilgrim&#8221; url=&#8221;https:\/\/www.ditsypuffindesigns.co.uk\/product-category\/pilgrimage\/&#8221; url_new_window=&#8221;on&#8221; image=&#8221;https:\/\/wexfordpembrokeshirepilgrimway.org\/wp-content\/uploads\/2023\/07\/Ditsy-500&#215;500-1.jpg&#8221; alt=&#8221;Tobar na Naomh&#8221; _builder_version=&#8221;4.21.0&#8243; _module_preset=&#8221;default&#8221; header_text_align=&#8221;center&#8221; custom_padding=&#8221;||20px||false|false&#8221; link_option_url=&#8221;https:\/\/www.ditsypuffindesigns.co.uk\/product-category\/pilgrimage\/&#8221; link_option_url_new_window=&#8221;on&#8221; border_color_all=&#8221;#5f241c&#8221; global_colors_info=&#8221;{}&#8221;]<\/p>\n<p style=\"text-align: center;\">Deartha\u00ed Puif\u00edn Ditsy<br \/><a href=\"https:\/\/www.ditsypuffindesigns.co.uk\/product-category\/pilgrimage\/\" target=\"_blank\" rel=\"noopener\">Tabhair cuairt ar a l\u00e1ithre\u00e1n gr\u00e9as\u00e1in<\/a><br \/>Raon \u00e1lainn de th\u00e1irg\u00ed oilithrigh \u00f3 tu\u00e1ill\u00ed tae go c\u00fais\u00edn\u00ed le deara\u00ed \u00e1iteanna speisialta feadh an bhealaigh.<\/p>\n<p>[\/et_pb_blurb][\/et_pb_column][et_pb_column type=&#8221;1_3&#8243; _builder_version=&#8221;4.21.0&#8243; _module_preset=&#8221;default&#8221; global_colors_info=&#8221;{}&#8221;][et_pb_blurb title=&#8221;Leabhar Ceili\u00fartha&#8221; url=&#8221;https:\/\/www.jasperphotography.co.uk\/wexford-pembrokeshire-pilgrim-way&#8221; url_new_window=&#8221;on&#8221; image=&#8221;https:\/\/wexfordpembrokeshirepilgrimway.org\/wp-content\/uploads\/2023\/08\/books-500&#215;500-1.jpg&#8221; alt=&#8221;Sraith leabhar dubh&#8221; _builder_version=&#8221;4.21.0&#8243; _module_preset=&#8221;default&#8221; header_text_align=&#8221;center&#8221; custom_padding=&#8221;||20px||false|false&#8221; link_option_url=&#8221;https:\/\/www.jasperphotography.co.uk\/wexford-pembrokeshire-pilgrim-way&#8221; link_option_url_new_window=&#8221;on&#8221; hover_enabled=&#8221;0&#8243; border_color_all=&#8221;#5f241c&#8221; global_colors_info=&#8221;{}&#8221; sticky_enabled=&#8221;0&#8243; title_text=&#8221;Book by Karel Jasper&#8221;]<\/p>\n<p style=\"text-align: center;\">Grianghrafad\u00f3ireacht Karel Jasper<br \/>\n<a href=\"https:\/\/www.jasperphotography.co.uk\/wexford-pembrokeshire-pilgrim-way\" target=\"_blank\" rel=\"noopener\">Tabhair cuairt ar a l\u00e1ithre\u00e1n gr\u00e9as\u00e1in<\/a><br \/>\nLeabhar iontach cearda\u00edochta grianghrafad\u00f3ireachta agus fil\u00edochta mar l\u00e9iri\u00fa ar thaith\u00ed Karel ar an gc\u00e9ad oilithreacht feadh WPPW.<\/p>\n<p>[\/et_pb_blurb][\/et_pb_column][et_pb_column type=&#8221;1_3&#8243; _builder_version=&#8221;4.18.0&#8243; _module_preset=&#8221;default&#8221; global_colors_info=&#8221;{}&#8221;][\/et_pb_column][\/et_pb_row][\/et_pb_section][et_pb_section fb_built=&#8221;1&#8243; _builder_version=&#8221;4.19.0&#8243; _module_preset=&#8221;default&#8221; background_color=&#8221;#d8dce0&#8243; global_colors_info=&#8221;{}&#8221;][et_pb_row column_structure=&#8221;1_2,1_2&#8243; _builder_version=&#8221;4.18.0&#8243; _module_preset=&#8221;default&#8221; global_colors_info=&#8221;{}&#8221;][et_pb_column type=&#8221;1_2&#8243; _builder_version=&#8221;4.18.0&#8243; _module_preset=&#8221;default&#8221; global_colors_info=&#8221;{}&#8221;][et_pb_text _builder_version=&#8221;4.21.0&#8243; _module_preset=&#8221;default&#8221; header_2_font=&#8221;|700|||||||&#8221; header_2_text_align=&#8221;center&#8221; header_2_font_size=&#8221;32px&#8221; custom_margin=&#8221;||0px||false|false&#8221; custom_padding=&#8221;||||false|false&#8221; global_colors_info=&#8221;{}&#8221;]<\/p>\n<h2>Cl\u00e1raigh d\u00e1r Nuachtlitir<\/h2>\n<p><span>B\u00ed ar an gc\u00e9ad duine a mbeidh eolas agat ar imeachta\u00ed treoraithe at\u00e1 \u00e1 dtairiscint feadh an bhealaigh agus ar na forbairt\u00ed is d\u00e9ana\u00ed. <\/span><\/p>\n<p><span><\/span><\/p>\n<p>[\/et_pb_text][et_pb_button button_url=&#8221;https:\/\/britishpilgrimage.us12.list-manage.com\/subscribe?u=5996208756aa6eb1548c20b1d&amp;id=275afa719d&#8221; url_new_window=&#8221;on&#8221; button_text=&#8221;Liost\u00e1il&#8221; button_alignment=&#8221;center&#8221; _builder_version=&#8221;4.18.0&#8243; _module_preset=&#8221;default&#8221; custom_button=&#8221;on&#8221; button_text_size=&#8221;16px&#8221; button_text_color=&#8221;#f5ede2&#8243; button_bg_color=&#8221;#5f241c&#8221; button_border_radius=&#8221;5px&#8221; button_font=&#8221;|600|||||||&#8221; button_icon=&#8221;&#x24;||divi||400&#8243; button_on_hover=&#8221;off&#8221; custom_margin=&#8221;||20px||false|false&#8221; custom_padding=&#8221;||||false|false&#8221; global_colors_info=&#8221;{}&#8221;][\/et_pb_button][\/et_pb_column][et_pb_column type=&#8221;1_2&#8243; _builder_version=&#8221;4.18.0&#8243; _module_preset=&#8221;default&#8221; global_colors_info=&#8221;{}&#8221;][et_pb_image src=&#8221;https:\/\/wexfordpembrokeshirepilgrimway.org\/wp-content\/uploads\/2022\/09\/AC-Trilingual-Landscape-Raven-500&#215;152-1.png&#8221; alt=&#8221;l\u00f3g\u00f3&#8221; title_text=&#8221;AC&#8212; Tr\u00edtheangach-T\u00edrdhreach&#8212; Raven-500&#215;152&#8243; align=&#8221;center&#8221; _builder_version=&#8221;4.18.1&#8243; _module_preset=&#8221;default&#8221; width=&#8221;80%&#8221; width_tablet=&#8221;60%&#8221; width_phone=&#8221;100%&#8221; width_last_edited=&#8221;on|tablet&#8221; custom_padding=&#8221;30px|75px||75px|false|false&#8221; global_colors_info=&#8221;{}&#8221;][\/et_pb_image][\/et_pb_column][\/et_pb_row][et_pb_row _builder_version=&#8221;4.21.0&#8243; _module_preset=&#8221;default&#8221; global_colors_info=&#8221;{}&#8221;][et_pb_column type=&#8221;4_4&#8243; _builder_version=&#8221;4.21.0&#8243; _module_preset=&#8221;default&#8221; global_colors_info=&#8221;{}&#8221;][et_pb_text _builder_version=&#8221;4.19.0&#8243; _module_preset=&#8221;default&#8221; text_font_size=&#8221;10px&#8221; global_colors_info=&#8221;{}&#8221;]<\/p>\n<p style=\"text-align: right;\">Creidmheas Grianghraf Ceannt\u00e1sc &#8211; <a href=\"https:\/\/www.jasperphotography.co.uk\/\" target=\"_blank\" rel=\"noopener\">Karel Jasper<\/a><\/p>\n<p>[\/et_pb_text][\/et_pb_column][\/et_pb_row][\/et_pb_section]<\/p>\n<span class=\"et_bloom_bottom_trigger\"><\/span>","protected":false},"excerpt":{"rendered":"<p>F\u00e9ach ar \u00e1r raon t\u00e1irg\u00ed oilithrigh ar d\u00edol \u00f3n\u00e1r gcomhph\u00e1irtithe chun t\u00fa a ullmh\u00fa le haghaidh do oilithreachta n\u00f3 cuir do chuid ama ar an mbealach i gcuimhne duit.<\/p>\n","protected":false},"author":1,"featured_media":0,"parent":0,"menu_order":0,"comment_status":"closed","ping_status":"closed","template":"","meta":{"_et_pb_use_builder":"on","_et_pb_old_content":"","_et_gb_content_width":"","_monsterinsights_skip_tracking":false,"_monsterinsights_sitenote_active":false,"_monsterinsights_sitenote_note":"","_monsterinsights_sitenote_category":0,"footnotes":""},"class_list":["post-7812","page","type-page","status-publish","hentry"],"yoast_head":"<!-- This site is optimized with the Yoast SEO plugin v27.4 - https:\/\/yoast.com\/product\/yoast-seo-wordpress\/ -->\n<title>T\u00e1irg\u00ed Pilgrim - Wexford-Pembrokeshire Pilgrim Way<\/title>\n<meta name=\"description\" content=\"F\u00e9ach ar \u00e1r raon t\u00e1irg\u00ed oilithrigh ar d\u00edol \u00f3n\u00e1r gcomhph\u00e1irtithe chun t\u00fa a ullmh\u00fa le haghaidh do oilithreachta n\u00f3 cuir do chuid ama ar an mbealach i gcuimhne duit.\" \/>\n<meta name=\"robots\" content=\"index, follow, max-snippet:-1, max-image-preview:large, max-video-preview:-1\" \/>\n<link rel=\"canonical\" href=\"https:\/\/wexfordpembrokeshirepilgrimway.org\/ga\/tairgi-pilgrim\/\" \/>\n<meta property=\"og:locale\" content=\"ga_IE\" \/>\n<meta property=\"og:type\" content=\"article\" \/>\n<meta property=\"og:title\" content=\"T\u00e1irg\u00ed Pilgrim - Wexford-Pembrokeshire Pilgrim Way\" \/>\n<meta property=\"og:description\" content=\"F\u00e9ach ar \u00e1r raon t\u00e1irg\u00ed oilithrigh ar d\u00edol \u00f3n\u00e1r gcomhph\u00e1irtithe chun t\u00fa a ullmh\u00fa le haghaidh do oilithreachta n\u00f3 cuir do chuid ama ar an mbealach i gcuimhne duit.\" \/>\n<meta property=\"og:url\" content=\"https:\/\/wexfordpembrokeshirepilgrimway.org\/ga\/tairgi-pilgrim\/\" \/>\n<meta property=\"og:site_name\" content=\"Wexford-Pembrokeshire Pilgrim Way\" \/>\n<meta property=\"article:modified_time\" content=\"2023-08-02T11:30:19+00:00\" \/>\n<meta name=\"twitter:card\" content=\"summary_large_image\" \/>\n<meta name=\"twitter:label1\" content=\"Est. reading time\" \/>\n\t<meta name=\"twitter:data1\" content=\"5 minutes\" \/>\n<script type=\"application\/ld+json\" class=\"yoast-schema-graph\">{\"@context\":\"https:\\\/\\\/schema.org\",\"@graph\":[{\"@type\":\"WebPage\",\"@id\":\"https:\\\/\\\/wexfordpembrokeshirepilgrimway.org\\\/ga\\\/tairgi-pilgrim\\\/\",\"url\":\"https:\\\/\\\/wexfordpembrokeshirepilgrimway.org\\\/ga\\\/tairgi-pilgrim\\\/\",\"name\":\"T\u00e1irg\u00ed Pilgrim - Wexford-Pembrokeshire Pilgrim Way\",\"isPartOf\":{\"@id\":\"https:\\\/\\\/wexfordpembrokeshirepilgrimway.org\\\/ga\\\/#website\"},\"datePublished\":\"2023-07-24T14:37:07+00:00\",\"dateModified\":\"2023-08-02T11:30:19+00:00\",\"description\":\"F\u00e9ach ar \u00e1r raon t\u00e1irg\u00ed oilithrigh ar d\u00edol \u00f3n\u00e1r gcomhph\u00e1irtithe chun t\u00fa a ullmh\u00fa le haghaidh do oilithreachta n\u00f3 cuir do chuid ama ar an mbealach i gcuimhne duit.\",\"breadcrumb\":{\"@id\":\"https:\\\/\\\/wexfordpembrokeshirepilgrimway.org\\\/ga\\\/tairgi-pilgrim\\\/#breadcrumb\"},\"inLanguage\":\"ga-IE\",\"potentialAction\":[{\"@type\":\"ReadAction\",\"target\":[\"https:\\\/\\\/wexfordpembrokeshirepilgrimway.org\\\/ga\\\/tairgi-pilgrim\\\/\"]}]},{\"@type\":\"BreadcrumbList\",\"@id\":\"https:\\\/\\\/wexfordpembrokeshirepilgrimway.org\\\/ga\\\/tairgi-pilgrim\\\/#breadcrumb\",\"itemListElement\":[{\"@type\":\"ListItem\",\"position\":1,\"name\":\"Home\",\"item\":\"https:\\\/\\\/wexfordpembrokeshirepilgrimway.org\\\/ga\\\/baile\\\/\"},{\"@type\":\"ListItem\",\"position\":2,\"name\":\"T\u00e1irg\u00ed Pilgrim\"}]},{\"@type\":\"WebSite\",\"@id\":\"https:\\\/\\\/wexfordpembrokeshirepilgrimway.org\\\/ga\\\/#website\",\"url\":\"https:\\\/\\\/wexfordpembrokeshirepilgrimway.org\\\/ga\\\/\",\"name\":\"Wexford-Pembrokeshire Pilgrim Way\",\"description\":\"\",\"potentialAction\":[{\"@type\":\"SearchAction\",\"target\":{\"@type\":\"EntryPoint\",\"urlTemplate\":\"https:\\\/\\\/wexfordpembrokeshirepilgrimway.org\\\/ga\\\/?s={search_term_string}\"},\"query-input\":{\"@type\":\"PropertyValueSpecification\",\"valueRequired\":true,\"valueName\":\"search_term_string\"}}],\"inLanguage\":\"ga-IE\"}]}<\/script>\n<!-- \/ Yoast SEO plugin. -->","yoast_head_json":{"title":"T\u00e1irg\u00ed Pilgrim - Wexford-Pembrokeshire Pilgrim Way","description":"F\u00e9ach ar \u00e1r raon t\u00e1irg\u00ed oilithrigh ar d\u00edol \u00f3n\u00e1r gcomhph\u00e1irtithe chun t\u00fa a ullmh\u00fa le haghaidh do oilithreachta n\u00f3 cuir do chuid ama ar an mbealach i gcuimhne duit.","robots":{"index":"index","follow":"follow","max-snippet":"max-snippet:-1","max-image-preview":"max-image-preview:large","max-video-preview":"max-video-preview:-1"},"canonical":"https:\/\/wexfordpembrokeshirepilgrimway.org\/ga\/tairgi-pilgrim\/","og_locale":"ga_IE","og_type":"article","og_title":"T\u00e1irg\u00ed Pilgrim - Wexford-Pembrokeshire Pilgrim Way","og_description":"F\u00e9ach ar \u00e1r raon t\u00e1irg\u00ed oilithrigh ar d\u00edol \u00f3n\u00e1r gcomhph\u00e1irtithe chun t\u00fa a ullmh\u00fa le haghaidh do oilithreachta n\u00f3 cuir do chuid ama ar an mbealach i gcuimhne duit.","og_url":"https:\/\/wexfordpembrokeshirepilgrimway.org\/ga\/tairgi-pilgrim\/","og_site_name":"Wexford-Pembrokeshire Pilgrim Way","article_modified_time":"2023-08-02T11:30:19+00:00","twitter_card":"summary_large_image","twitter_misc":{"Est. reading time":"5 minutes"},"schema":{"@context":"https:\/\/schema.org","@graph":[{"@type":"WebPage","@id":"https:\/\/wexfordpembrokeshirepilgrimway.org\/ga\/tairgi-pilgrim\/","url":"https:\/\/wexfordpembrokeshirepilgrimway.org\/ga\/tairgi-pilgrim\/","name":"T\u00e1irg\u00ed Pilgrim - Wexford-Pembrokeshire Pilgrim Way","isPartOf":{"@id":"https:\/\/wexfordpembrokeshirepilgrimway.org\/ga\/#website"},"datePublished":"2023-07-24T14:37:07+00:00","dateModified":"2023-08-02T11:30:19+00:00","description":"F\u00e9ach ar \u00e1r raon t\u00e1irg\u00ed oilithrigh ar d\u00edol \u00f3n\u00e1r gcomhph\u00e1irtithe chun t\u00fa a ullmh\u00fa le haghaidh do oilithreachta n\u00f3 cuir do chuid ama ar an mbealach i gcuimhne duit.","breadcrumb":{"@id":"https:\/\/wexfordpembrokeshirepilgrimway.org\/ga\/tairgi-pilgrim\/#breadcrumb"},"inLanguage":"ga-IE","potentialAction":[{"@type":"ReadAction","target":["https:\/\/wexfordpembrokeshirepilgrimway.org\/ga\/tairgi-pilgrim\/"]}]},{"@type":"BreadcrumbList","@id":"https:\/\/wexfordpembrokeshirepilgrimway.org\/ga\/tairgi-pilgrim\/#breadcrumb","itemListElement":[{"@type":"ListItem","position":1,"name":"Home","item":"https:\/\/wexfordpembrokeshirepilgrimway.org\/ga\/baile\/"},{"@type":"ListItem","position":2,"name":"T\u00e1irg\u00ed Pilgrim"}]},{"@type":"WebSite","@id":"https:\/\/wexfordpembrokeshirepilgrimway.org\/ga\/#website","url":"https:\/\/wexfordpembrokeshirepilgrimway.org\/ga\/","name":"Wexford-Pembrokeshire Pilgrim Way","description":"","potentialAction":[{"@type":"SearchAction","target":{"@type":"EntryPoint","urlTemplate":"https:\/\/wexfordpembrokeshirepilgrimway.org\/ga\/?s={search_term_string}"},"query-input":{"@type":"PropertyValueSpecification","valueRequired":true,"valueName":"search_term_string"}}],"inLanguage":"ga-IE"}]}},"featured_image_src":null,"featured_image_src_square":null,"_links":{"self":[{"href":"https:\/\/wexfordpembrokeshirepilgrimway.org\/ga\/wp-json\/wp\/v2\/pages\/7812","targetHints":{"allow":["GET"]}}],"collection":[{"href":"https:\/\/wexfordpembrokeshirepilgrimway.org\/ga\/wp-json\/wp\/v2\/pages"}],"about":[{"href":"https:\/\/wexfordpembrokeshirepilgrimway.org\/ga\/wp-json\/wp\/v2\/types\/page"}],"author":[{"embeddable":true,"href":"https:\/\/wexfordpembrokeshirepilgrimway.org\/ga\/wp-json\/wp\/v2\/users\/1"}],"replies":[{"embeddable":true,"href":"https:\/\/wexfordpembrokeshirepilgrimway.org\/ga\/wp-json\/wp\/v2\/comments?post=7812"}],"version-history":[{"count":0,"href":"https:\/\/wexfordpembrokeshirepilgrimway.org\/ga\/wp-json\/wp\/v2\/pages\/7812\/revisions"}],"wp:attachment":[{"href":"https:\/\/wexfordpembrokeshirepilgrimway.org\/ga\/wp-json\/wp\/v2\/media?parent=7812"}],"curies":[{"name":"wp","href":"https:\/\/api.w.org\/{rel}","templated":true}]}}